{"id":18,"date":"2024-12-26T12:05:18","date_gmt":"2024-12-26T12:05:18","guid":{"rendered":"https:\/\/programasdesanfermin.com\/sobre\/"},"modified":"2025-08-11T10:19:42","modified_gmt":"2025-08-11T09:19:42","slug":"sobre","status":"publish","type":"page","link":"https:\/\/programasdesanfermin.com\/en\/sobre\/","title":{"rendered":"Sobre San Ferm\u00edn"},"content":{"rendered":"<div class=\"wp-block-group alignfull has-background-background-color has-background has-global-padding is-layout-constrained wp-container-core-group-is-layout-832022f9 wp-block-group-is-layout-constrained\" style=\"margin-top:0;margin-bottom:0;padding-top:0;padding-right:0;padding-bottom:0;padding-left:0\">\n<div class=\"wp-block-cover alignfull\" style=\"padding-top:0;padding-right:var(--wp--preset--spacing--30);padding-bottom:0;padding-left:var(--wp--preset--spacing--30);min-height:50px;aspect-ratio:unset;\"><img loading=\"lazy\" decoding=\"async\" width=\"1280\" height=\"720\" class=\"wp-block-cover__image-background wp-image-73\" alt=\"\" src=\"https:\/\/programasdesanfermin.com\/wp-content\/uploads\/2024\/12\/dbe21653f26cb5fe6565e6ce8f385c0263c650ca.jpg\" style=\"object-position:45% 46%\" data-object-fit=\"cover\" data-object-position=\"45% 46%\" srcset=\"https:\/\/programasdesanfermin.com\/wp-content\/uploads\/2024\/12\/dbe21653f26cb5fe6565e6ce8f385c0263c650ca.jpg 1280w, https:\/\/programasdesanfermin.com\/wp-content\/uploads\/2024\/12\/dbe21653f26cb5fe6565e6ce8f385c0263c650ca-300x169.jpg 300w, https:\/\/programasdesanfermin.com\/wp-content\/uploads\/2024\/12\/dbe21653f26cb5fe6565e6ce8f385c0263c650ca-1024x576.jpg 1024w, https:\/\/programasdesanfermin.com\/wp-content\/uploads\/2024\/12\/dbe21653f26cb5fe6565e6ce8f385c0263c650ca-768x432.jpg 768w, https:\/\/programasdesanfermin.com\/wp-content\/uploads\/2024\/12\/dbe21653f26cb5fe6565e6ce8f385c0263c650ca-600x338.jpg 600w\" sizes=\"auto, (max-width: 1280px) 100vw, 1280px\" \/><span aria-hidden=\"true\" class=\"wp-block-cover__background has-custom-color-1-background-color has-background-dim-80 has-background-dim\"><\/span><div class=\"wp-block-cover__inner-container is-layout-flow wp-block-cover-is-layout-flow\">\n<div class=\"wp-block-group has-global-padding is-layout-constrained wp-block-group-is-layout-constrained\" style=\"padding-top:var(--wp--preset--spacing--60);padding-bottom:var(--wp--preset--spacing--60)\">\n<div class=\"wp-block-group alignwide has-global-padding is-content-justification-center is-layout-constrained wp-block-group-is-layout-constrained\">\n<h1 class=\"wp-block-heading has-text-align-center has-text-color has-x-large-font-size\" style=\"color:#fffffffc\">Discover the magic of San Ferm\u00edn<\/h1>\n\n\n\n<p class=\"has-text-align-center has-text-color\" style=\"color:#fffffffc;margin-top:16px\">Learn more about the official San Ferm\u00edn programs<\/p>\n<\/div>\n<\/div>\n<\/div><\/div>\n\n\n\n<blockquote class=\"wp-block-quote has-text-align-left is-layout-flow wp-block-quote-is-layout-flow\">\n<p>What better way to learn about the history of the San Ferm\u00edn programs than with an article published in 2020 by <strong>I\u00f1igo Muruzabal Oscoz<\/strong> great collector and lover of the Festivals of our beloved City.<\/p>\n\n\n\n<div data-wp-interactive=\"core\/file\" class=\"wp-block-file\"><object data-wp-bind--hidden=\"!state.hasPdfPreview\" hidden class=\"wp-block-file__embed\" data=\"https:\/\/programasdesanfermin.com\/wp-content\/uploads\/2024\/12\/Dialnet-UnaColeccionDeProgramasDeSanFermin-7610130-1.pdf\" type=\"application\/pdf\" style=\"width:100%;height:600px\" aria-label=\"Embed of Dialnet-UnaColeccionDeProgramasDeSanFermin-7610130.\"><\/object><a id=\"wp-block-file--media-30b9b09a-fcd5-40d8-9a6b-d057987cde29\" href=\"https:\/\/programasdesanfermin.com\/wp-content\/uploads\/2024\/12\/Dialnet-UnaColeccionDeProgramasDeSanFermin-7610130-1.pdf\">Dialnet-UnaColeccionDeProgramasDeSanFermin-7610130<\/a><a href=\"https:\/\/programasdesanfermin.com\/wp-content\/uploads\/2024\/12\/Dialnet-UnaColeccionDeProgramasDeSanFermin-7610130-1.pdf\" class=\"wp-block-file__button wp-element-button\" download aria-describedby=\"wp-block-file--media-30b9b09a-fcd5-40d8-9a6b-d057987cde29\">Download<\/a><\/div>\n<\/blockquote>\n<\/div>\n\n\n\n<figure class=\"wp-block-gallery has-nested-images columns-default is-cropped wp-block-gallery-1 is-layout-flex wp-block-gallery-is-layout-flex\">\n<figure class=\"wp-block-image size-large is-style-default\" style=\"margin-top:0;margin-right:var(--wp--preset--spacing--80);margin-bottom:0;margin-left:var(--wp--preset--spacing--80)\"><a href=\"https:\/\/www.pamplona.es\/turismo\/sanfermin\/carteles\"><img loading=\"lazy\" decoding=\"async\" width=\"288\" height=\"279\" data-id=\"542\" src=\"https:\/\/programasdesanfermin.com\/wp-content\/uploads\/2024\/12\/ayuntamiento.png\" alt=\"Ayuntamiento de Pamplona\" class=\"wp-image-542\"\/><\/a><\/figure>\n<\/figure>\n\n\n\n<blockquote class=\"wp-block-quote is-layout-flow wp-block-quote-is-layout-flow\">\n<p class=\"has-text-align-center\"><a href=\"https:\/\/www.pamplona.es\/turismo\/sanfermin\/carteles\" title=\"\"><strong>San Fermin posters<\/strong> <strong>Pamplona City Council<\/strong><\/a><strong> <\/strong><\/p>\n<\/blockquote>\n\n\n\n<div class=\"wp-block-group alignfull has-tertiary-background-color has-background has-global-padding is-layout-constrained wp-container-core-group-is-layout-fb85e995 wp-block-group-is-layout-constrained\" id=\"testimonios\" style=\"margin-top:0;margin-bottom:0;padding-top:var(--wp--preset--spacing--60);padding-right:var(--wp--preset--spacing--30);padding-bottom:var(--wp--preset--spacing--60);padding-left:var(--wp--preset--spacing--30)\">\n<div class=\"wp-block-columns alignwide are-vertically-aligned-center is-layout-flex wp-container-core-columns-is-layout-08c01c1c wp-block-columns-is-layout-flex\">\n<div class=\"wp-block-column is-vertically-aligned-center is-layout-flow wp-block-column-is-layout-flow\" style=\"flex-basis:25%\">\n<div class=\"wp-block-group is-nowrap is-layout-flex wp-container-core-group-is-layout-3b4e9d3e wp-block-group-is-layout-flex\">\n<figure class=\"wp-block-image aligncenter size-full is-style-rounded\"><img loading=\"lazy\" decoding=\"async\" width=\"326\" height=\"597\" src=\"https:\/\/programasdesanfermin.com\/wp-content\/uploads\/2025\/08\/RAQUEL.jpeg\" alt=\"\" class=\"wp-image-754\" style=\"aspect-ratio:1;object-fit:cover\" srcset=\"https:\/\/programasdesanfermin.com\/wp-content\/uploads\/2025\/08\/RAQUEL.jpeg 326w, https:\/\/programasdesanfermin.com\/wp-content\/uploads\/2025\/08\/RAQUEL-164x300.jpeg 164w, https:\/\/programasdesanfermin.com\/wp-content\/uploads\/2025\/08\/RAQUEL-7x12.jpeg 7w\" sizes=\"auto, (max-width: 326px) 100vw, 326px\" \/><\/figure>\n\n\n\n<div class=\"wp-block-group has-global-padding is-layout-constrained wp-block-group-is-layout-constrained\">\n<h4 class=\"wp-block-heading has-text-align-left\" style=\"margin-top:18px;font-size:clamp(14px, 0.875rem + ((1vw - 3.2px) * 0.417), 18px);\">San Ferm\u00edn Fan<\/h4>\n\n\n\n<p class=\"has-text-align-left has-small-font-size\" style=\"margin-top:4px\">Passionate collector<\/p>\n<\/div>\n<\/div>\n<\/div>\n\n\n\n<div class=\"wp-block-column is-vertically-aligned-center is-layout-flow wp-block-column-is-layout-flow\" style=\"flex-basis:66.66%\">\n<p class=\"has-text-align-left\" style=\"font-size:clamp(15.747px, 0.984rem + ((1vw - 3.2px) * 0.86), 24px);font-style:normal;font-weight:500;line-height:1.5\">I was interested in an old program and the transaction went flawlessly.<\/p>\n<\/div>\n<\/div>\n<\/div>","protected":false},"excerpt":{"rendered":"<p>Que mejor para conocer la historia de los programas de San Ferm\u00edn que un art\u00edculo publicado en el a\u00f1o 2020 por I\u00f1igo Muruzabal Oscoz gran coleccionista y amante de las Fiestas de nuestra querida Ciudad. Carteles de San Ferm\u00edn Ayuntamiento de Pamplona San Ferm\u00edn Fan Coleccionista apasionada Me interes\u00e9 por un antiguo programa y la [&hellip;]<\/p>\n","protected":false},"author":1,"featured_media":0,"parent":0,"menu_order":0,"comment_status":"closed","ping_status":"closed","template":"no-title","meta":{"om_disable_all_campaigns":false,"_monsterinsights_skip_tracking":false,"_monsterinsights_sitenote_active":false,"_monsterinsights_sitenote_note":"","_monsterinsights_sitenote_category":0,"footnotes":""},"class_list":["post-18","page","type-page","status-publish","hentry"],"aioseo_notices":[],"_links":{"self":[{"href":"https:\/\/programasdesanfermin.com\/en\/wp-json\/wp\/v2\/pages\/18","targetHints":{"allow":["GET"]}}],"collection":[{"href":"https:\/\/programasdesanfermin.com\/en\/wp-json\/wp\/v2\/pages"}],"about":[{"href":"https:\/\/programasdesanfermin.com\/en\/wp-json\/wp\/v2\/types\/page"}],"author":[{"embeddable":true,"href":"https:\/\/programasdesanfermin.com\/en\/wp-json\/wp\/v2\/users\/1"}],"replies":[{"embeddable":true,"href":"https:\/\/programasdesanfermin.com\/en\/wp-json\/wp\/v2\/comments?post=18"}],"version-history":[{"count":12,"href":"https:\/\/programasdesanfermin.com\/en\/wp-json\/wp\/v2\/pages\/18\/revisions"}],"predecessor-version":[{"id":755,"href":"https:\/\/programasdesanfermin.com\/en\/wp-json\/wp\/v2\/pages\/18\/revisions\/755"}],"wp:attachment":[{"href":"https:\/\/programasdesanfermin.com\/en\/wp-json\/wp\/v2\/media?parent=18"}],"curies":[{"name":"wp","href":"https:\/\/api.w.org\/{rel}","templated":true}]}}