{"id":20,"date":"2024-12-26T12:05:19","date_gmt":"2024-12-26T12:05:19","guid":{"rendered":"https:\/\/programasdesanfermin.com\/faq\/"},"modified":"2025-08-08T10:42:12","modified_gmt":"2025-08-08T09:42:12","slug":"faq","status":"publish","type":"page","link":"https:\/\/programasdesanfermin.com\/en\/faq\/","title":{"rendered":"TIENES ALGUNA DUDA"},"content":{"rendered":"<div class=\"wp-block-group alignfull has-background-background-color has-background has-global-padding is-layout-constrained wp-container-core-group-is-layout-832022f9 wp-block-group-is-layout-constrained\" style=\"margin-top:0;margin-bottom:0;padding-top:0;padding-right:0;padding-bottom:0;padding-left:0\">\n<div class=\"wp-block-cover alignfull\" style=\"padding-top:0;padding-right:var(--wp--preset--spacing--30);padding-bottom:0;padding-left:var(--wp--preset--spacing--30);min-height:50px;aspect-ratio:unset;\"><img loading=\"lazy\" decoding=\"async\" width=\"1280\" height=\"720\" class=\"wp-block-cover__image-background wp-image-73\" alt=\"\" src=\"https:\/\/programasdesanfermin.com\/wp-content\/uploads\/2024\/12\/dbe21653f26cb5fe6565e6ce8f385c0263c650ca.jpg\" style=\"object-position:51% 48%\" data-object-fit=\"cover\" data-object-position=\"51% 48%\" srcset=\"https:\/\/programasdesanfermin.com\/wp-content\/uploads\/2024\/12\/dbe21653f26cb5fe6565e6ce8f385c0263c650ca.jpg 1280w, https:\/\/programasdesanfermin.com\/wp-content\/uploads\/2024\/12\/dbe21653f26cb5fe6565e6ce8f385c0263c650ca-300x169.jpg 300w, https:\/\/programasdesanfermin.com\/wp-content\/uploads\/2024\/12\/dbe21653f26cb5fe6565e6ce8f385c0263c650ca-1024x576.jpg 1024w, https:\/\/programasdesanfermin.com\/wp-content\/uploads\/2024\/12\/dbe21653f26cb5fe6565e6ce8f385c0263c650ca-768x432.jpg 768w, https:\/\/programasdesanfermin.com\/wp-content\/uploads\/2024\/12\/dbe21653f26cb5fe6565e6ce8f385c0263c650ca-600x338.jpg 600w\" sizes=\"auto, (max-width: 1280px) 100vw, 1280px\" \/><span aria-hidden=\"true\" class=\"wp-block-cover__background has-custom-color-1-background-color has-background-dim-80 has-background-dim\"><\/span><div class=\"wp-block-cover__inner-container is-layout-flow wp-block-cover-is-layout-flow\">\n<div class=\"wp-block-group has-global-padding is-layout-constrained wp-block-group-is-layout-constrained\" style=\"padding-top:var(--wp--preset--spacing--60);padding-bottom:var(--wp--preset--spacing--60)\">\n<div class=\"wp-block-group alignwide has-global-padding is-content-justification-center is-layout-constrained wp-block-group-is-layout-constrained\">\n<h1 class=\"wp-block-heading has-text-align-center has-text-color has-x-large-font-size\" style=\"color:#fffffffc\">Frequently asked questions and answers<\/h1>\n<\/div>\n<\/div>\n<\/div><\/div>\n<\/div>\n\n\n\n<div class=\"wp-block-group alignfull has-tertiary-background-color has-background has-global-padding is-layout-constrained wp-container-core-group-is-layout-7276a2bb wp-block-group-is-layout-constrained\" id=\"preguntas-frecuentes\" style=\"margin-top:0;margin-bottom:0;padding-top:var(--wp--preset--spacing--60);padding-right:var(--wp--preset--spacing--30);padding-bottom:var(--wp--preset--spacing--60);padding-left:var(--wp--preset--spacing--30)\">\n<div class=\"wp-block-columns alignwide is-layout-flex wp-container-core-columns-is-layout-714d85e9 wp-block-columns-is-layout-flex\">\n<div class=\"wp-block-column is-layout-flow wp-block-column-is-layout-flow\" style=\"flex-basis:33.33%\">\n<h2 class=\"wp-block-heading has-text-align-left has-large-font-size\">Connect with us<\/h2>\n\n\n\n<p class=\"has-text-align-left\" style=\"margin-top:16px\">Find quick answers to your frequently asked questions, making it easy to access essential information.<\/p>\n\n\n\n<p>You can request more information from us using the Contact Form.<\/p>\n<\/div>\n\n\n\n<div class=\"wp-block-column is-layout-flow wp-container-core-column-is-layout-ef883af5 wp-block-column-is-layout-flow\" style=\"flex-basis:66.66%\">\n<details class=\"wp-block-details has-background-background-color has-background is-layout-flow wp-container-core-details-is-layout-925c762a wp-block-details-is-layout-flow\" style=\"padding-top:1.25rem;padding-right:1.5rem;padding-bottom:1.25rem;padding-left:1.5rem;font-size:clamp(14px, 0.875rem + ((1vw - 3.2px) * 0.625), 20px);font-style:normal;font-weight:500\" open><summary>How can I purchase a program?<\/summary>\n<p class=\"has-small-font-size\" style=\"font-style:normal;font-weight:400\">Check out the available programs and contact us by email. <a href=\"mailto:info@programasdesanfermin.com\">info@programasdesanfermin.com<\/a> <\/p>\n<\/details>\n\n\n\n<details class=\"wp-block-details has-background-background-color has-background is-layout-flow wp-container-core-details-is-layout-d8fa6230 wp-block-details-is-layout-flow\" style=\"padding-top:1.25rem;padding-right:1.5rem;padding-bottom:1.25rem;padding-left:1.5rem;font-size:clamp(14px, 0.875rem + ((1vw - 3.2px) * 0.625), 20px);font-style:normal;font-weight:500\"><summary>Do you offer exchange programs?<\/summary>\n<p class=\"has-small-font-size\" style=\"font-style:normal;font-weight:400\">Yes, please contact us for an exchange.<\/p>\n<\/details>\n\n\n\n<details class=\"wp-block-details has-background-background-color has-background is-layout-flow wp-container-core-details-is-layout-d8fa6230 wp-block-details-is-layout-flow\" style=\"padding-top:1.25rem;padding-right:1.5rem;padding-bottom:1.25rem;padding-left:1.5rem;font-size:clamp(14px, 0.875rem + ((1vw - 3.2px) * 0.625), 20px);font-style:normal;font-weight:500\"><summary>When is the inventory updated?<\/summary>\n<p class=\"has-small-font-size\" style=\"font-style:normal;font-weight:400\">We always update when there is news.<\/p>\n<\/details>\n\n\n\n<details class=\"wp-block-details has-background-background-color has-background is-layout-flow wp-container-core-details-is-layout-d8fa6230 wp-block-details-is-layout-flow\" style=\"padding-top:1.25rem;padding-right:1.5rem;padding-bottom:1.25rem;padding-left:1.5rem;font-size:clamp(14px, 0.875rem + ((1vw - 3.2px) * 0.625), 20px);font-style:normal;font-weight:500\"><summary>Can I sell my programs here?<\/summary>\n<p class=\"has-small-font-size\" style=\"font-style:normal;font-weight:400\">Yes, we evaluate, appraise, and make you the best offer.<\/p>\n<\/details>\n\n\n\n<details class=\"wp-block-details has-background-background-color has-background is-layout-flow wp-container-core-details-is-layout-d8fa6230 wp-block-details-is-layout-flow\" style=\"padding-top:1.25rem;padding-right:1.5rem;padding-bottom:1.25rem;padding-left:1.5rem;font-size:clamp(14px, 0.875rem + ((1vw - 3.2px) * 0.625), 20px);font-style:normal;font-weight:500\"><summary>Currently, how long have you had programs?<\/summary>\n<p class=\"has-small-font-size\" style=\"font-style:normal;font-weight:400\">Our current collection covers the period from 1895 to 2025 (with some errors). Many programs are for sale from 1912.<\/p>\n<\/details>\n<\/div>\n<\/div>\n<\/div>\n\n\n\n<div class=\"wp-block-group alignfull has-background-background-color has-background has-global-padding is-layout-constrained wp-container-core-group-is-layout-fb85e995 wp-block-group-is-layout-constrained\" id=\"acerca-de\" style=\"margin-top:0;margin-bottom:0;padding-top:var(--wp--preset--spacing--60);padding-right:var(--wp--preset--spacing--30);padding-bottom:var(--wp--preset--spacing--60);padding-left:var(--wp--preset--spacing--30)\">\n<h2 class=\"wp-block-heading has-text-align-center has-large-font-size\">Explore the history of the San Ferm\u00edn program editions<\/h2>\n\n\n\n<p class=\"has-text-align-center\" style=\"margin-top:16px\">Discover how we connect collectors and San Ferm\u00edn enthusiasts.<\/p>\n\n\n\n<figure class=\"wp-block-gallery alignwide has-nested-images columns-default is-cropped wp-block-gallery-1 is-layout-flex wp-block-gallery-is-layout-flex\">\n<figure class=\"wp-block-image size-large\"><img loading=\"lazy\" decoding=\"async\" width=\"768\" height=\"1024\" data-id=\"180\" src=\"https:\/\/programasdesanfermin.com\/wp-content\/uploads\/2024\/12\/IMG_0138-768x1024.jpeg\" alt=\"\" class=\"wp-image-180\" style=\"aspect-ratio:3\/4;object-fit:cover\" srcset=\"https:\/\/programasdesanfermin.com\/wp-content\/uploads\/2024\/12\/IMG_0138-768x1024.jpeg 768w, https:\/\/programasdesanfermin.com\/wp-content\/uploads\/2024\/12\/IMG_0138-225x300.jpeg 225w, https:\/\/programasdesanfermin.com\/wp-content\/uploads\/2024\/12\/IMG_0138-1152x1536.jpeg 1152w, https:\/\/programasdesanfermin.com\/wp-content\/uploads\/2024\/12\/IMG_0138-600x800.jpeg 600w, https:\/\/programasdesanfermin.com\/wp-content\/uploads\/2024\/12\/IMG_0138.jpeg 1536w\" sizes=\"auto, (max-width: 768px) 100vw, 768px\" \/><\/figure>\n\n\n\n<figure class=\"wp-block-image size-large\"><img loading=\"lazy\" decoding=\"async\" width=\"768\" height=\"1024\" data-id=\"181\" src=\"https:\/\/programasdesanfermin.com\/wp-content\/uploads\/2024\/12\/IMG_0178-768x1024.jpeg\" alt=\"\" class=\"wp-image-181\" style=\"aspect-ratio:3\/4;object-fit:cover\" srcset=\"https:\/\/programasdesanfermin.com\/wp-content\/uploads\/2024\/12\/IMG_0178-768x1024.jpeg 768w, https:\/\/programasdesanfermin.com\/wp-content\/uploads\/2024\/12\/IMG_0178-225x300.jpeg 225w, https:\/\/programasdesanfermin.com\/wp-content\/uploads\/2024\/12\/IMG_0178-1152x1536.jpeg 1152w, https:\/\/programasdesanfermin.com\/wp-content\/uploads\/2024\/12\/IMG_0178-600x800.jpeg 600w, https:\/\/programasdesanfermin.com\/wp-content\/uploads\/2024\/12\/IMG_0178.jpeg 1536w\" sizes=\"auto, (max-width: 768px) 100vw, 768px\" \/><\/figure>\n\n\n\n<figure class=\"wp-block-image size-large\"><img loading=\"lazy\" decoding=\"async\" width=\"768\" height=\"1024\" data-id=\"183\" src=\"https:\/\/programasdesanfermin.com\/wp-content\/uploads\/2024\/12\/IMG_0203-768x1024.jpeg\" alt=\"\" class=\"wp-image-183\" style=\"aspect-ratio:3\/4;object-fit:cover\" srcset=\"https:\/\/programasdesanfermin.com\/wp-content\/uploads\/2024\/12\/IMG_0203-768x1024.jpeg 768w, https:\/\/programasdesanfermin.com\/wp-content\/uploads\/2024\/12\/IMG_0203-225x300.jpeg 225w, https:\/\/programasdesanfermin.com\/wp-content\/uploads\/2024\/12\/IMG_0203-1152x1536.jpeg 1152w, https:\/\/programasdesanfermin.com\/wp-content\/uploads\/2024\/12\/IMG_0203-600x800.jpeg 600w, https:\/\/programasdesanfermin.com\/wp-content\/uploads\/2024\/12\/IMG_0203.jpeg 1536w\" sizes=\"auto, (max-width: 768px) 100vw, 768px\" \/><\/figure>\n<\/figure>\n<\/div>","protected":false},"excerpt":{"rendered":"<p>Relaci\u00f3nate con nosotros Encuentra respuestas r\u00e1pidas a tus dudas frecuentes, facilitando el acceso a la informaci\u00f3n esencial. Con el Formulario de Contacto puedes solicitarnos mas informaci\u00f3n. Explora la historia de las ediciones de los programas de San Ferm\u00edn Descubre c\u00f3mo conectamos coleccionistas y entusiastas de San Ferm\u00edn<\/p>","protected":false},"author":1,"featured_media":0,"parent":0,"menu_order":0,"comment_status":"closed","ping_status":"closed","template":"no-title","meta":{"om_disable_all_campaigns":false,"_monsterinsights_skip_tracking":false,"_monsterinsights_sitenote_active":false,"_monsterinsights_sitenote_note":"","_monsterinsights_sitenote_category":0,"footnotes":""},"class_list":["post-20","page","type-page","status-publish","hentry"],"aioseo_notices":[],"_links":{"self":[{"href":"https:\/\/programasdesanfermin.com\/en\/wp-json\/wp\/v2\/pages\/20","targetHints":{"allow":["GET"]}}],"collection":[{"href":"https:\/\/programasdesanfermin.com\/en\/wp-json\/wp\/v2\/pages"}],"about":[{"href":"https:\/\/programasdesanfermin.com\/en\/wp-json\/wp\/v2\/types\/page"}],"author":[{"embeddable":true,"href":"https:\/\/programasdesanfermin.com\/en\/wp-json\/wp\/v2\/users\/1"}],"replies":[{"embeddable":true,"href":"https:\/\/programasdesanfermin.com\/en\/wp-json\/wp\/v2\/comments?post=20"}],"version-history":[{"count":7,"href":"https:\/\/programasdesanfermin.com\/en\/wp-json\/wp\/v2\/pages\/20\/revisions"}],"predecessor-version":[{"id":723,"href":"https:\/\/programasdesanfermin.com\/en\/wp-json\/wp\/v2\/pages\/20\/revisions\/723"}],"wp:attachment":[{"href":"https:\/\/programasdesanfermin.com\/en\/wp-json\/wp\/v2\/media?parent=20"}],"curies":[{"name":"wp","href":"https:\/\/api.w.org\/{rel}","templated":true}]}}