{"id":21,"date":"2024-12-26T12:05:20","date_gmt":"2024-12-26T12:05:20","guid":{"rendered":"https:\/\/programasdesanfermin.com\/galeria\/"},"modified":"2024-12-27T10:48:42","modified_gmt":"2024-12-27T10:48:42","slug":"galeria","status":"publish","type":"page","link":"https:\/\/programasdesanfermin.com\/en\/galeria\/","title":{"rendered":"Galery"},"content":{"rendered":"<div class=\"wp-block-group alignfull has-background-background-color has-background has-global-padding is-layout-constrained wp-container-core-group-is-layout-832022f9 wp-block-group-is-layout-constrained\" style=\"margin-top:0;margin-bottom:0;padding-top:0;padding-right:0;padding-bottom:0;padding-left:0\">\n<div class=\"wp-block-cover alignfull\" style=\"padding-top:0;padding-right:var(--wp--preset--spacing--30);padding-bottom:0;padding-left:var(--wp--preset--spacing--30);min-height:50px;aspect-ratio:unset;\"><span aria-hidden=\"true\" class=\"wp-block-cover__background has-custom-color-1-background-color has-background-dim-80 has-background-dim\"><\/span><img loading=\"lazy\" decoding=\"async\" width=\"1280\" height=\"720\" class=\"wp-block-cover__image-background wp-image-73\" alt=\"\" src=\"https:\/\/programasdesanfermin.com\/wp-content\/uploads\/2024\/12\/dbe21653f26cb5fe6565e6ce8f385c0263c650ca.jpg\" data-object-fit=\"cover\" srcset=\"https:\/\/programasdesanfermin.com\/wp-content\/uploads\/2024\/12\/dbe21653f26cb5fe6565e6ce8f385c0263c650ca.jpg 1280w, https:\/\/programasdesanfermin.com\/wp-content\/uploads\/2024\/12\/dbe21653f26cb5fe6565e6ce8f385c0263c650ca-300x169.jpg 300w, https:\/\/programasdesanfermin.com\/wp-content\/uploads\/2024\/12\/dbe21653f26cb5fe6565e6ce8f385c0263c650ca-1024x576.jpg 1024w, https:\/\/programasdesanfermin.com\/wp-content\/uploads\/2024\/12\/dbe21653f26cb5fe6565e6ce8f385c0263c650ca-768x432.jpg 768w, https:\/\/programasdesanfermin.com\/wp-content\/uploads\/2024\/12\/dbe21653f26cb5fe6565e6ce8f385c0263c650ca-600x338.jpg 600w\" sizes=\"auto, (max-width: 1280px) 100vw, 1280px\" \/><div class=\"wp-block-cover__inner-container is-layout-flow wp-block-cover-is-layout-flow\">\n<div class=\"wp-block-group has-global-padding is-layout-constrained wp-block-group-is-layout-constrained\" style=\"padding-top:var(--wp--preset--spacing--60);padding-bottom:var(--wp--preset--spacing--60)\">\n<div class=\"wp-block-group alignwide has-global-padding is-content-justification-center is-layout-constrained wp-block-group-is-layout-constrained\">\n<h1 class=\"wp-block-heading has-text-align-center has-text-color has-x-large-font-size\" style=\"color:#fffffffc\">Dive into the party<\/h1>\n\n\n\n<p class=\"has-text-align-center has-text-color\" style=\"color:#fffffffc;margin-top:16px\">Discover the legacy of San Ferm\u00edn<\/p>\n<\/div>\n<\/div>\n<\/div><\/div>\n<\/div>\n\n\n\n<div class=\"wp-block-group alignfull has-tertiary-background-color has-background has-large-font-size has-global-padding is-layout-constrained wp-container-core-group-is-layout-6a82d6f3 wp-block-group-is-layout-constrained\" id=\"galeria\" style=\"margin-top:0;margin-bottom:0;padding-top:var(--wp--preset--spacing--50);padding-right:var(--wp--preset--spacing--30);padding-bottom:var(--wp--preset--spacing--50);padding-left:var(--wp--preset--spacing--30)\">\n<div class=\"wp-block-group alignwide has-global-padding is-content-justification-left is-layout-constrained wp-container-core-group-is-layout-8b4c372c wp-block-group-is-layout-constrained\">\n<h2 class=\"wp-block-heading has-large-font-size\">Discover the San Ferm\u00edn programs<\/h2>\n\n\n\n<p style=\"margin-top:16px\">Explore an exclusive selection of images that capture the essence of our collection.<\/p>\n<\/div>\n\n\n\n<div class=\"wp-block-columns alignwide is-layout-flex wp-container-core-columns-is-layout-28f84493 wp-block-columns-is-layout-flex\">\n<div class=\"wp-block-column is-layout-flow wp-block-column-is-layout-flow\" style=\"flex-basis:50%\">\n<div class=\"wp-block-cover\" style=\"min-height:815px;aspect-ratio:unset;\"><span aria-hidden=\"true\" class=\"wp-block-cover__background has-background-dim-0 has-background-dim\" style=\"background-color:#9c663b\"><\/span><img loading=\"lazy\" decoding=\"async\" width=\"1536\" height=\"2048\" class=\"wp-block-cover__image-background wp-image-148\" alt=\"\" src=\"https:\/\/programasdesanfermin.com\/wp-content\/uploads\/2024\/12\/IMG_0289-rotated.jpeg\" data-object-fit=\"cover\" srcset=\"https:\/\/programasdesanfermin.com\/wp-content\/uploads\/2024\/12\/IMG_0289-rotated.jpeg 1536w, https:\/\/programasdesanfermin.com\/wp-content\/uploads\/2024\/12\/IMG_0289-225x300.jpeg 225w, https:\/\/programasdesanfermin.com\/wp-content\/uploads\/2024\/12\/IMG_0289-768x1024.jpeg 768w, https:\/\/programasdesanfermin.com\/wp-content\/uploads\/2024\/12\/IMG_0289-1152x1536.jpeg 1152w, https:\/\/programasdesanfermin.com\/wp-content\/uploads\/2024\/12\/IMG_0289-600x800.jpeg 600w\" sizes=\"auto, (max-width: 1536px) 100vw, 1536px\" \/><div class=\"wp-block-cover__inner-container is-layout-flow wp-block-cover-is-layout-flow\">\n<div style=\"height:380px\" aria-hidden=\"true\" class=\"wp-block-spacer\"><\/div>\n<\/div><\/div>\n<\/div>\n\n\n\n<div class=\"wp-block-column is-layout-flow wp-container-core-column-is-layout-f5bb311e wp-block-column-is-layout-flow\">\n<figure class=\"wp-block-gallery has-nested-images columns-default is-cropped wp-block-gallery-2 is-layout-flex wp-block-gallery-is-layout-flex\">\n<figure class=\"wp-block-image size-large ext-aspect-landscape is-style-default wp-duotone-unset-1\"><img loading=\"lazy\" decoding=\"async\" width=\"768\" height=\"1024\" data-id=\"149\" src=\"https:\/\/programasdesanfermin.com\/wp-content\/uploads\/2024\/12\/IMG_0281-768x1024.jpeg\" alt=\"Programa oficial a\u00f1o 1944\" class=\"wp-image-149\" style=\"aspect-ratio:1;object-fit:cover\" srcset=\"https:\/\/programasdesanfermin.com\/wp-content\/uploads\/2024\/12\/IMG_0281-768x1024.jpeg 768w, https:\/\/programasdesanfermin.com\/wp-content\/uploads\/2024\/12\/IMG_0281-225x300.jpeg 225w, https:\/\/programasdesanfermin.com\/wp-content\/uploads\/2024\/12\/IMG_0281-1152x1536.jpeg 1152w, https:\/\/programasdesanfermin.com\/wp-content\/uploads\/2024\/12\/IMG_0281-600x800.jpeg 600w, https:\/\/programasdesanfermin.com\/wp-content\/uploads\/2024\/12\/IMG_0281-rotated.jpeg 1536w\" sizes=\"auto, (max-width: 768px) 100vw, 768px\" \/><\/figure>\n<\/figure>\n\n\n\n<figure class=\"wp-block-gallery has-nested-images columns-default is-cropped wp-block-gallery-3 is-layout-flex wp-block-gallery-is-layout-flex\">\n<figure class=\"wp-block-image size-large ext-aspect-landscape\"><img loading=\"lazy\" decoding=\"async\" width=\"768\" height=\"1024\" data-id=\"154\" src=\"https:\/\/programasdesanfermin.com\/wp-content\/uploads\/2024\/12\/IMG_0279-768x1024.jpeg\" alt=\"Programa oficial a\u00f1o 1942\" class=\"wp-image-154\" style=\"aspect-ratio:1;object-fit:cover\" srcset=\"https:\/\/programasdesanfermin.com\/wp-content\/uploads\/2024\/12\/IMG_0279-768x1024.jpeg 768w, https:\/\/programasdesanfermin.com\/wp-content\/uploads\/2024\/12\/IMG_0279-225x300.jpeg 225w, https:\/\/programasdesanfermin.com\/wp-content\/uploads\/2024\/12\/IMG_0279-1152x1536.jpeg 1152w, https:\/\/programasdesanfermin.com\/wp-content\/uploads\/2024\/12\/IMG_0279-600x800.jpeg 600w, https:\/\/programasdesanfermin.com\/wp-content\/uploads\/2024\/12\/IMG_0279-rotated.jpeg 1536w\" sizes=\"auto, (max-width: 768px) 100vw, 768px\" \/><\/figure>\n<\/figure>\n<\/div>\n\n\n\n<div class=\"wp-block-column is-layout-flow wp-container-core-column-is-layout-f5bb311e wp-block-column-is-layout-flow\">\n<figure class=\"wp-block-gallery has-nested-images columns-default is-cropped wp-block-gallery-4 is-layout-flex wp-block-gallery-is-layout-flex\">\n<figure class=\"wp-block-image size-large ext-aspect-landscape\"><img loading=\"lazy\" decoding=\"async\" width=\"768\" height=\"1024\" data-id=\"153\" src=\"https:\/\/programasdesanfermin.com\/wp-content\/uploads\/2024\/12\/IMG_0291-1-768x1024.jpeg\" alt=\"Programa oficial a\u00f1o 1934\" class=\"wp-image-153\" style=\"aspect-ratio:1;object-fit:cover\" srcset=\"https:\/\/programasdesanfermin.com\/wp-content\/uploads\/2024\/12\/IMG_0291-1-768x1024.jpeg 768w, https:\/\/programasdesanfermin.com\/wp-content\/uploads\/2024\/12\/IMG_0291-1-225x300.jpeg 225w, https:\/\/programasdesanfermin.com\/wp-content\/uploads\/2024\/12\/IMG_0291-1-1152x1536.jpeg 1152w, https:\/\/programasdesanfermin.com\/wp-content\/uploads\/2024\/12\/IMG_0291-1-600x800.jpeg 600w, https:\/\/programasdesanfermin.com\/wp-content\/uploads\/2024\/12\/IMG_0291-1-rotated.jpeg 1536w\" sizes=\"auto, (max-width: 768px) 100vw, 768px\" \/><\/figure>\n<\/figure>\n\n\n\n<figure class=\"wp-block-gallery has-nested-images columns-default is-cropped wp-block-gallery-5 is-layout-flex wp-block-gallery-is-layout-flex\">\n<figure class=\"wp-block-image size-large ext-aspect-landscape\"><img loading=\"lazy\" decoding=\"async\" width=\"768\" height=\"1024\" data-id=\"155\" src=\"https:\/\/programasdesanfermin.com\/wp-content\/uploads\/2024\/12\/IMG_0277-768x1024.jpeg\" alt=\"Programa oficial a\u00f1o 1947\" class=\"wp-image-155\" style=\"aspect-ratio:1;object-fit:cover\" srcset=\"https:\/\/programasdesanfermin.com\/wp-content\/uploads\/2024\/12\/IMG_0277-768x1024.jpeg 768w, https:\/\/programasdesanfermin.com\/wp-content\/uploads\/2024\/12\/IMG_0277-225x300.jpeg 225w, https:\/\/programasdesanfermin.com\/wp-content\/uploads\/2024\/12\/IMG_0277-1152x1536.jpeg 1152w, https:\/\/programasdesanfermin.com\/wp-content\/uploads\/2024\/12\/IMG_0277-600x800.jpeg 600w, https:\/\/programasdesanfermin.com\/wp-content\/uploads\/2024\/12\/IMG_0277-rotated.jpeg 1536w\" sizes=\"auto, (max-width: 768px) 100vw, 768px\" \/><\/figure>\n<\/figure>\n<\/div>\n<\/div>\n<\/div>\n\n\n\n<div class=\"wp-block-group alignfull has-background-background-color has-background has-global-padding is-layout-constrained wp-container-core-group-is-layout-68d5e5bb wp-block-group-is-layout-constrained\" id=\"caracteristicas\" style=\"margin-top:0;margin-bottom:0;padding-top:var(--wp--preset--spacing--50);padding-right:var(--wp--preset--spacing--30);padding-bottom:var(--wp--preset--spacing--60);padding-left:var(--wp--preset--spacing--30)\">\n<div class=\"wp-block-group alignwide has-global-padding is-content-justification-left is-layout-constrained wp-container-core-group-is-layout-12dd3699 wp-block-group-is-layout-constrained\">\n<h2 class=\"wp-block-heading has-large-font-size\" style=\"margin-top:12px\">Discover the jewels of San Ferm\u00edn<\/h2>\n\n\n\n<p style=\"margin-top:16px\">Explore the highlights.<\/p>\n<\/div>\n\n\n\n<div class=\"wp-block-columns alignwide is-layout-flex wp-container-core-columns-is-layout-08c01c1c wp-block-columns-is-layout-flex\">\n<div class=\"wp-block-column is-layout-flow wp-block-column-is-layout-flow\">\n<figure class=\"wp-block-image size-large\" style=\"margin-top:0;margin-right:0;margin-bottom:0;margin-left:0\"><img loading=\"lazy\" decoding=\"async\" width=\"768\" height=\"1024\" src=\"https:\/\/programasdesanfermin.com\/wp-content\/uploads\/2024\/12\/IMG_0200-768x1024.jpeg\" alt=\"\" class=\"wp-image-178\" style=\"aspect-ratio:1;object-fit:contain\" srcset=\"https:\/\/programasdesanfermin.com\/wp-content\/uploads\/2024\/12\/IMG_0200-768x1024.jpeg 768w, https:\/\/programasdesanfermin.com\/wp-content\/uploads\/2024\/12\/IMG_0200-225x300.jpeg 225w, https:\/\/programasdesanfermin.com\/wp-content\/uploads\/2024\/12\/IMG_0200-1152x1536.jpeg 1152w, https:\/\/programasdesanfermin.com\/wp-content\/uploads\/2024\/12\/IMG_0200-600x800.jpeg 600w, https:\/\/programasdesanfermin.com\/wp-content\/uploads\/2024\/12\/IMG_0200.jpeg 1536w\" sizes=\"auto, (max-width: 768px) 100vw, 768px\" \/><\/figure>\n<\/div>\n\n\n\n<div class=\"wp-block-column is-layout-flow wp-container-core-column-is-layout-ef883af5 wp-block-column-is-layout-flow\">\n<div class=\"wp-block-group has-tertiary-background-color has-background has-global-padding is-layout-constrained wp-container-core-group-is-layout-0e4ecca0 wp-block-group-is-layout-constrained\" style=\"padding-top:1.5rem;padding-right:1.5rem;padding-bottom:1.5rem;padding-left:1.5rem\">\n<h3 class=\"wp-block-heading\" style=\"font-size:clamp(14px, 0.875rem + ((1vw - 3.2px) * 0.625), 20px);line-height:1.5\">Edici\u00f3n Limitada<\/h3>\n\n\n\n<p class=\"has-small-font-size\" style=\"margin-top:8px\">Exclusive and unique programs.<\/p>\n<\/div>\n\n\n\n<div class=\"wp-block-group has-tertiary-background-color has-background has-global-padding is-layout-constrained wp-container-core-group-is-layout-0e4ecca0 wp-block-group-is-layout-constrained\" style=\"padding-top:1.5rem;padding-right:1.5rem;padding-bottom:1.5rem;padding-left:1.5rem\">\n<h3 class=\"wp-block-heading\" style=\"font-size:clamp(14px, 0.875rem + ((1vw - 3.2px) * 0.625), 20px);line-height:1.5\">Unique Exchanges<\/h3>\n\n\n\n<p class=\"has-small-font-size\" style=\"margin-top:8px\">Trade rare programs.<\/p>\n<\/div>\n\n\n\n<div class=\"wp-block-group has-tertiary-background-color has-background has-global-padding is-layout-constrained wp-container-core-group-is-layout-0e4ecca0 wp-block-group-is-layout-constrained\" style=\"padding-top:1.5rem;padding-right:1.5rem;padding-bottom:1.5rem;padding-left:1.5rem\">\n<h3 class=\"wp-block-heading\" style=\"font-size:clamp(14px, 0.875rem + ((1vw - 3.2px) * 0.625), 20px);line-height:1.5\">Private Collections<\/h3>\n\n\n\n<p class=\"has-small-font-size\" style=\"margin-top:8px\">Access special collections.<\/p>\n<\/div>\n\n\n\n<div class=\"wp-block-group has-tertiary-background-color has-background has-global-padding is-layout-constrained wp-container-core-group-is-layout-0e4ecca0 wp-block-group-is-layout-constrained\" style=\"padding-top:1.5rem;padding-right:1.5rem;padding-bottom:1.5rem;padding-left:1.5rem\">\n<h3 class=\"wp-block-heading\" style=\"font-size:clamp(14px, 0.875rem + ((1vw - 3.2px) * 0.625), 20px);line-height:1.5\">Direct Purchases<\/h3>\n\n\n\n<p class=\"has-small-font-size\" style=\"margin-top:8px\">Shop from the comfort of your home.<\/p>\n<\/div>\n<\/div>\n<\/div>\n<\/div>","protected":false},"excerpt":{"rendered":"<p>Descubre los programas de San Ferm\u00edn Explora una selecci\u00f3n exclusiva de im\u00e1genes que capturan la esencia de nuestra colecci\u00f3n. Descubre joyas de San Ferm\u00edn Explora los aspectos m\u00e1s destacados. Edici\u00f3n Limitada Programas exclusivos y \u00fanicos. Intercambios \u00danicos Intercambia programas raros. Colecciones Privadas Accede a colecciones especiales. Compras Directas Compra desde la comodidad de casa.<\/p>","protected":false},"author":1,"featured_media":0,"parent":0,"menu_order":0,"comment_status":"closed","ping_status":"closed","template":"no-title","meta":{"om_disable_all_campaigns":false,"_monsterinsights_skip_tracking":false,"_monsterinsights_sitenote_active":false,"_monsterinsights_sitenote_note":"","_monsterinsights_sitenote_category":0,"footnotes":""},"class_list":["post-21","page","type-page","status-publish","hentry"],"aioseo_notices":[],"_links":{"self":[{"href":"https:\/\/programasdesanfermin.com\/en\/wp-json\/wp\/v2\/pages\/21","targetHints":{"allow":["GET"]}}],"collection":[{"href":"https:\/\/programasdesanfermin.com\/en\/wp-json\/wp\/v2\/pages"}],"about":[{"href":"https:\/\/programasdesanfermin.com\/en\/wp-json\/wp\/v2\/types\/page"}],"author":[{"embeddable":true,"href":"https:\/\/programasdesanfermin.com\/en\/wp-json\/wp\/v2\/users\/1"}],"replies":[{"embeddable":true,"href":"https:\/\/programasdesanfermin.com\/en\/wp-json\/wp\/v2\/comments?post=21"}],"version-history":[{"count":5,"href":"https:\/\/programasdesanfermin.com\/en\/wp-json\/wp\/v2\/pages\/21\/revisions"}],"predecessor-version":[{"id":193,"href":"https:\/\/programasdesanfermin.com\/en\/wp-json\/wp\/v2\/pages\/21\/revisions\/193"}],"wp:attachment":[{"href":"https:\/\/programasdesanfermin.com\/en\/wp-json\/wp\/v2\/media?parent=21"}],"curies":[{"name":"wp","href":"https:\/\/api.w.org\/{rel}","templated":true}]}}