{"id":22,"date":"2024-12-26T12:05:20","date_gmt":"2024-12-26T12:05:20","guid":{"rendered":"https:\/\/programasdesanfermin.com\/servicios\/"},"modified":"2024-12-27T10:30:07","modified_gmt":"2024-12-27T10:30:07","slug":"servicios","status":"publish","type":"page","link":"https:\/\/programasdesanfermin.com\/en\/servicios\/","title":{"rendered":"Services"},"content":{"rendered":"<div class=\"wp-block-group alignfull has-background-background-color has-background has-global-padding is-layout-constrained wp-container-core-group-is-layout-832022f9 wp-block-group-is-layout-constrained\" style=\"margin-top:0;margin-bottom:0;padding-top:0;padding-right:0;padding-bottom:0;padding-left:0\">\n<div class=\"wp-block-cover alignfull wp-elements-b2c817ed011bf0f586ee611440ff33d4\" style=\"padding-top:0;padding-right:var(--wp--preset--spacing--30);padding-bottom:0;padding-left:var(--wp--preset--spacing--30);min-height:50px;aspect-ratio:unset;\"><span aria-hidden=\"true\" class=\"wp-block-cover__background has-custom-color-1-background-color has-background-dim-80 has-background-dim\"><\/span><img loading=\"lazy\" decoding=\"async\" width=\"1280\" height=\"720\" class=\"wp-block-cover__image-background wp-image-73\" alt=\"\" src=\"https:\/\/programasdesanfermin.com\/wp-content\/uploads\/2024\/12\/dbe21653f26cb5fe6565e6ce8f385c0263c650ca.jpg\" data-object-fit=\"cover\" srcset=\"https:\/\/programasdesanfermin.com\/wp-content\/uploads\/2024\/12\/dbe21653f26cb5fe6565e6ce8f385c0263c650ca.jpg 1280w, https:\/\/programasdesanfermin.com\/wp-content\/uploads\/2024\/12\/dbe21653f26cb5fe6565e6ce8f385c0263c650ca-300x169.jpg 300w, https:\/\/programasdesanfermin.com\/wp-content\/uploads\/2024\/12\/dbe21653f26cb5fe6565e6ce8f385c0263c650ca-1024x576.jpg 1024w, https:\/\/programasdesanfermin.com\/wp-content\/uploads\/2024\/12\/dbe21653f26cb5fe6565e6ce8f385c0263c650ca-768x432.jpg 768w, https:\/\/programasdesanfermin.com\/wp-content\/uploads\/2024\/12\/dbe21653f26cb5fe6565e6ce8f385c0263c650ca-600x338.jpg 600w\" sizes=\"auto, (max-width: 1280px) 100vw, 1280px\" \/><div class=\"wp-block-cover__inner-container is-layout-flow wp-block-cover-is-layout-flow\">\n<div class=\"wp-block-group has-global-padding is-layout-constrained wp-block-group-is-layout-constrained\" style=\"padding-top:var(--wp--preset--spacing--60);padding-bottom:var(--wp--preset--spacing--60)\">\n<div class=\"wp-block-group alignwide has-global-padding is-content-justification-center is-layout-constrained wp-block-group-is-layout-constrained\">\n<h1 class=\"wp-block-heading has-text-align-center has-text-color has-x-large-font-size\" style=\"color:#fffffffc\">Connected by San Ferm\u00edn and its tradition<\/h1>\n\n\n\n<p class=\"has-text-align-center has-text-color\" style=\"color:#fffffffc;margin-top:16px\">Exclusive programs for the Pamplona festivals<\/p>\n<\/div>\n<\/div>\n<\/div><\/div>\n<\/div>\n\n\n\n<div class=\"wp-block-group alignfull has-tertiary-background-color has-background has-global-padding is-layout-constrained wp-container-core-group-is-layout-7276a2bb wp-block-group-is-layout-constrained\" id=\"servicios\" style=\"margin-top:0;margin-bottom:0;padding-top:var(--wp--preset--spacing--60);padding-right:var(--wp--preset--spacing--30);padding-bottom:var(--wp--preset--spacing--60);padding-left:var(--wp--preset--spacing--30)\">\n<div class=\"wp-block-group alignwide has-global-padding is-content-justification-left is-layout-constrained wp-container-core-group-is-layout-8b4c372c wp-block-group-is-layout-constrained\">\n<h2 class=\"wp-block-heading has-large-font-size\">Discover the magic of San Ferm\u00edn<\/h2>\n\n\n\n<p style=\"margin-top:16px\">Here you will find our exclusive services, focused on quality and your satisfaction.<\/p>\n<\/div>\n\n\n\n<div class=\"wp-block-columns alignwide is-layout-flex wp-container-core-columns-is-layout-28f84493 wp-block-columns-is-layout-flex\">\n<div class=\"wp-block-column is-layout-flow wp-block-column-is-layout-flow\" style=\"flex-basis:80%\">\n<div class=\"wp-block-columns alignwide is-layout-flex wp-container-core-columns-is-layout-28f84493 wp-block-columns-is-layout-flex\">\n<div class=\"wp-block-column has-background-background-color has-background is-layout-flow wp-block-column-is-layout-flow\" style=\"padding-top:1.5rem;padding-right:1.5rem;padding-bottom:1.5rem;padding-left:1.5rem\">\n<h3 class=\"wp-block-heading\" style=\"font-size:clamp(14px, 0.875rem + ((1vw - 3.2px) * 0.625), 20px);line-height:1.5\">Purchase of Programs<\/h3>\n\n\n\n<p class=\"has-small-font-size\" style=\"margin-top:8px\">Sell us your programs and we'll offer you the best price.<\/p>\n<\/div>\n\n\n\n<div class=\"wp-block-column has-background-background-color has-background is-layout-flow wp-block-column-is-layout-flow\" style=\"padding-top:1.5rem;padding-right:1.5rem;padding-bottom:1.5rem;padding-left:1.5rem\">\n<h3 class=\"wp-block-heading\" style=\"font-size:clamp(14px, 0.875rem + ((1vw - 3.2px) * 0.625), 20px);line-height:1.5\">Program Sales<\/h3>\n\n\n\n<p class=\"has-small-font-size\" style=\"margin-top:8px\">We offer selected repeat collectors programs.<\/p>\n<\/div>\n<\/div>\n\n\n\n<div class=\"wp-block-columns alignwide is-layout-flex wp-container-core-columns-is-layout-28f84493 wp-block-columns-is-layout-flex\">\n<div class=\"wp-block-column has-background-background-color has-background is-layout-flow wp-block-column-is-layout-flow\" style=\"padding-top:1.5rem;padding-right:1.5rem;padding-bottom:1.5rem;padding-left:1.5rem\">\n<h3 class=\"wp-block-heading\" style=\"font-size:clamp(14px, 0.875rem + ((1vw - 3.2px) * 0.625), 20px);line-height:1.5\">Program Exchange<\/h3>\n\n\n\n<p class=\"has-small-font-size\" style=\"margin-top:8px\">Trade programs with confidence and maximum value.<\/p>\n<\/div>\n\n\n\n<div class=\"wp-block-column has-background-background-color has-background is-layout-flow wp-block-column-is-layout-flow\" style=\"padding-top:1.5rem;padding-right:1.5rem;padding-bottom:1.5rem;padding-left:1.5rem\">\n<h3 class=\"wp-block-heading\" style=\"font-size:clamp(14px, 0.875rem + ((1vw - 3.2px) * 0.625), 20px);line-height:1.5\">Private Collection<\/h3>\n\n\n\n<p class=\"has-small-font-size\" style=\"margin-top:8px\">Our collection guarantees quality and total satisfaction.<\/p>\n<\/div>\n<\/div>\n<\/div>\n\n\n\n<div class=\"wp-block-column is-layout-flow wp-block-column-is-layout-flow\" style=\"flex-basis:50%\">\n<figure class=\"wp-block-image size-large\"><img loading=\"lazy\" decoding=\"async\" width=\"768\" height=\"1024\" src=\"https:\/\/programasdesanfermin.com\/wp-content\/uploads\/2024\/12\/IMG_0346-768x1024.jpeg\" alt=\"\" class=\"wp-image-187\" style=\"aspect-ratio:1;object-fit:contain\" srcset=\"https:\/\/programasdesanfermin.com\/wp-content\/uploads\/2024\/12\/IMG_0346-768x1024.jpeg 768w, https:\/\/programasdesanfermin.com\/wp-content\/uploads\/2024\/12\/IMG_0346-225x300.jpeg 225w, https:\/\/programasdesanfermin.com\/wp-content\/uploads\/2024\/12\/IMG_0346-1152x1536.jpeg 1152w, https:\/\/programasdesanfermin.com\/wp-content\/uploads\/2024\/12\/IMG_0346-600x800.jpeg 600w, https:\/\/programasdesanfermin.com\/wp-content\/uploads\/2024\/12\/IMG_0346-rotated.jpeg 1536w\" sizes=\"auto, (max-width: 768px) 100vw, 768px\" \/><\/figure>\n<\/div>\n<\/div>\n<\/div>\n\n\n\n<div class=\"wp-block-group alignfull has-background-background-color has-background has-global-padding is-layout-constrained wp-container-core-group-is-layout-68d5e5bb wp-block-group-is-layout-constrained\" id=\"caracteristicas\" style=\"margin-top:0;margin-bottom:0;padding-top:var(--wp--preset--spacing--50);padding-right:var(--wp--preset--spacing--30);padding-bottom:var(--wp--preset--spacing--60);padding-left:var(--wp--preset--spacing--30)\">\n<div class=\"wp-block-group alignwide has-global-padding is-content-justification-left is-layout-constrained wp-container-core-group-is-layout-12dd3699 wp-block-group-is-layout-constrained\">\n<h2 class=\"wp-block-heading has-large-font-size\">Discover the jewels of San Ferm\u00edn<\/h2>\n\n\n\n<p style=\"margin-top:16px\">An overview of our unique aspects.<\/p>\n<\/div>\n\n\n\n<div class=\"wp-block-columns alignwide is-layout-flex wp-container-core-columns-is-layout-47c06fe3 wp-block-columns-is-layout-flex\">\n<div class=\"wp-block-column is-layout-flow wp-block-column-is-layout-flow\">\n<figure class=\"wp-block-image size-large\"><img loading=\"lazy\" decoding=\"async\" width=\"1024\" height=\"768\" src=\"https:\/\/programasdesanfermin.com\/wp-content\/uploads\/2024\/12\/IMG_0323-1024x768.jpeg\" alt=\"\" class=\"wp-image-188\" style=\"aspect-ratio:1;object-fit:contain\" srcset=\"https:\/\/programasdesanfermin.com\/wp-content\/uploads\/2024\/12\/IMG_0323-1024x768.jpeg 1024w, https:\/\/programasdesanfermin.com\/wp-content\/uploads\/2024\/12\/IMG_0323-300x225.jpeg 300w, https:\/\/programasdesanfermin.com\/wp-content\/uploads\/2024\/12\/IMG_0323-768x576.jpeg 768w, https:\/\/programasdesanfermin.com\/wp-content\/uploads\/2024\/12\/IMG_0323-1536x1152.jpeg 1536w, https:\/\/programasdesanfermin.com\/wp-content\/uploads\/2024\/12\/IMG_0323-600x450.jpeg 600w, https:\/\/programasdesanfermin.com\/wp-content\/uploads\/2024\/12\/IMG_0323-rotated.jpeg 2048w\" sizes=\"auto, (max-width: 1024px) 100vw, 1024px\" \/><\/figure>\n<\/div>\n\n\n\n<div class=\"wp-block-column is-layout-flow wp-block-column-is-layout-flow\">\n<div class=\"wp-block-group has-global-padding is-layout-constrained wp-block-group-is-layout-constrained\">\n<h3 class=\"wp-block-heading\" style=\"font-size:clamp(14px, 0.875rem + ((1vw - 3.2px) * 0.625), 20px);line-height:1.5\">Edici\u00f3n Limitada<\/h3>\n\n\n\n<p class=\"has-small-font-size\" style=\"margin-top:8px\">Exclusive collection programs.<\/p>\n<\/div>\n\n\n\n<div class=\"wp-block-group has-global-padding is-layout-constrained wp-block-group-is-layout-constrained\">\n<h3 class=\"wp-block-heading\" style=\"font-size:clamp(14px, 0.875rem + ((1vw - 3.2px) * 0.625), 20px);line-height:1.5\">Direct Exchange<\/h3>\n\n\n\n<p class=\"has-small-font-size\" style=\"margin-top:8px\">Easily exchange your collections.<\/p>\n<\/div>\n\n\n\n<div class=\"wp-block-group has-global-padding is-layout-constrained wp-block-group-is-layout-constrained\">\n<h3 class=\"wp-block-heading\" style=\"font-size:clamp(14px, 0.875rem + ((1vw - 3.2px) * 0.625), 20px);line-height:1.5\">Secure Purchase<\/h3>\n\n\n\n<p class=\"has-small-font-size\" style=\"margin-top:8px\">Buy programs with complete confidence.<\/p>\n<\/div>\n<\/div>\n\n\n\n<div class=\"wp-block-column is-layout-flow wp-block-column-is-layout-flow\">\n<div class=\"wp-block-group has-global-padding is-layout-constrained wp-block-group-is-layout-constrained\">\n<h3 class=\"wp-block-heading\" style=\"font-size:clamp(14px, 0.875rem + ((1vw - 3.2px) * 0.625), 20px);line-height:1.5\">Venta Especial<\/h3>\n\n\n\n<p class=\"has-small-font-size\" style=\"margin-top:8px\">Unique offers on select programs.<\/p>\n<\/div>\n\n\n\n<div class=\"wp-block-group has-global-padding is-layout-constrained wp-block-group-is-layout-constrained\">\n<h3 class=\"wp-block-heading\" style=\"font-size:clamp(14px, 0.875rem + ((1vw - 3.2px) * 0.625), 20px);line-height:1.5\">Advice<\/h3>\n\n\n\n<p class=\"has-small-font-size\" style=\"margin-top:8px\">Get expert advice on collecting.<\/p>\n<\/div>\n<\/div>\n<\/div>\n<\/div>\n\n\n\n<div class=\"wp-block-group alignfull has-tertiary-background-color has-background has-global-padding is-layout-constrained wp-container-core-group-is-layout-7276a2bb wp-block-group-is-layout-constrained\" style=\"margin-top:0;margin-bottom:0;padding-top:var(--wp--preset--spacing--60);padding-right:var(--wp--preset--spacing--30);padding-bottom:var(--wp--preset--spacing--60);padding-left:var(--wp--preset--spacing--30)\">\n<div class=\"wp-block-group has-global-padding is-layout-constrained wp-block-group-is-layout-constrained\">\n<h2 class=\"wp-block-heading has-text-align-center has-large-font-size\">Discover the value of your San Ferm\u00edn programs<\/h2>\n\n\n\n<p class=\"has-text-align-center\" style=\"margin-top:16px\">Join our community of collectors and explore the exciting world of San Ferm\u00edn programs. Get exclusive access to offers, discover unique pieces, and socialize with other enthusiasts.<\/p>\n\n\n\n<div class=\"wp-block-buttons is-content-justification-center is-layout-flex wp-container-core-buttons-is-layout-720bcce9 wp-block-buttons-is-layout-flex\">\n<div class=\"wp-block-button\"><a class=\"wp-block-button__link wp-element-button\" href=\"https:\/\/programasdesanfermin.com\/en\/contact\/\">CONTACT<\/a><\/div>\n<\/div>\n<\/div>\n<\/div>","protected":false},"excerpt":{"rendered":"<p>Descubre la magia de San Ferm\u00edn Aqu\u00ed encontrar\u00e1 nuestros servicios exclusivos, enfocados en la calidad y su satisfacci\u00f3n. Compra de Programas V\u00e9ndenos tus programas y te ofreceremos el mejor precio. Venta de Programas Ofrecemos programas seleccionados repetidos de coleccionistas. Intercambio de Programas Intercambia programas con confianza y m\u00e1ximo valor. Colecci\u00f3n Privada Nuestra colecci\u00f3n garantiza calidad [&hellip;]<\/p>\n","protected":false},"author":1,"featured_media":0,"parent":0,"menu_order":0,"comment_status":"closed","ping_status":"closed","template":"no-title","meta":{"om_disable_all_campaigns":false,"_monsterinsights_skip_tracking":false,"_monsterinsights_sitenote_active":false,"_monsterinsights_sitenote_note":"","_monsterinsights_sitenote_category":0,"footnotes":""},"class_list":["post-22","page","type-page","status-publish","hentry"],"aioseo_notices":[],"_links":{"self":[{"href":"https:\/\/programasdesanfermin.com\/en\/wp-json\/wp\/v2\/pages\/22","targetHints":{"allow":["GET"]}}],"collection":[{"href":"https:\/\/programasdesanfermin.com\/en\/wp-json\/wp\/v2\/pages"}],"about":[{"href":"https:\/\/programasdesanfermin.com\/en\/wp-json\/wp\/v2\/types\/page"}],"author":[{"embeddable":true,"href":"https:\/\/programasdesanfermin.com\/en\/wp-json\/wp\/v2\/users\/1"}],"replies":[{"embeddable":true,"href":"https:\/\/programasdesanfermin.com\/en\/wp-json\/wp\/v2\/comments?post=22"}],"version-history":[{"count":5,"href":"https:\/\/programasdesanfermin.com\/en\/wp-json\/wp\/v2\/pages\/22\/revisions"}],"predecessor-version":[{"id":192,"href":"https:\/\/programasdesanfermin.com\/en\/wp-json\/wp\/v2\/pages\/22\/revisions\/192"}],"wp:attachment":[{"href":"https:\/\/programasdesanfermin.com\/en\/wp-json\/wp\/v2\/media?parent=22"}],"curies":[{"name":"wp","href":"https:\/\/api.w.org\/{rel}","templated":true}]}}