{"id":465,"date":"2024-12-30T08:31:04","date_gmt":"2024-12-30T08:31:04","guid":{"rendered":"https:\/\/programasdesanfermin.com\/?post_type=product&#038;p=465"},"modified":"2024-12-30T11:10:43","modified_gmt":"2024-12-30T11:10:43","slug":"programa-ano-1934","status":"publish","type":"product","link":"https:\/\/programasdesanfermin.com\/en\/product\/programa-ano-1934\/","title":{"rendered":"Programa A\u00f1o 1934"},"content":{"rendered":"<p>Programa de San Ferm\u00edn con una bonita portada realizada por Leocadio Muro Urriza de un tamboril y un txistu y varias banderas. Cabe destacar el gui\u00f1o republicano del autor con una bandera republicana entre ellas. En la contraportada podemos ver una se\u00f1ora con mantilla ya abanico propia de la \u00e9poca.<\/p>\n<p>Ese a\u00f1o las fiestas duraron del 6 al 18 de julio y el encierro era a las siete de la ma\u00f1ana.<\/p>","protected":false},"excerpt":{"rendered":"<p>Programa de San Ferm\u00edn con una bonita portada realizada por Leocadio Muro Urriza de un tamboril y un txistu y varias banderas. Cabe destacar el gui\u00f1o republicano del autor con una bandera republicana entre ellas. En la contraportada podemos ver una se\u00f1ora con mantilla ya abanico propia de la \u00e9poca. Ese a\u00f1o las fiestas duraron [&hellip;]<\/p>\n","protected":false},"featured_media":439,"comment_status":"open","ping_status":"closed","template":"","meta":{"om_disable_all_campaigns":false,"_monsterinsights_skip_tracking":false,"_monsterinsights_sitenote_active":false,"_monsterinsights_sitenote_note":"","_monsterinsights_sitenote_category":0},"product_brand":[],"product_cat":[24],"product_tag":[25],"class_list":{"0":"post-465","1":"product","2":"type-product","3":"status-publish","4":"has-post-thumbnail","6":"product_cat-programas-san-fermin","7":"product_tag-san-fermin-1934","9":"first","10":"instock","11":"shipping-taxable","12":"product-type-simple"},"aioseo_notices":[],"_links":{"self":[{"href":"https:\/\/programasdesanfermin.com\/en\/wp-json\/wp\/v2\/product\/465","targetHints":{"allow":["GET"]}}],"collection":[{"href":"https:\/\/programasdesanfermin.com\/en\/wp-json\/wp\/v2\/product"}],"about":[{"href":"https:\/\/programasdesanfermin.com\/en\/wp-json\/wp\/v2\/types\/product"}],"replies":[{"embeddable":true,"href":"https:\/\/programasdesanfermin.com\/en\/wp-json\/wp\/v2\/comments?post=465"}],"wp:featuredmedia":[{"embeddable":true,"href":"https:\/\/programasdesanfermin.com\/en\/wp-json\/wp\/v2\/media\/439"}],"wp:attachment":[{"href":"https:\/\/programasdesanfermin.com\/en\/wp-json\/wp\/v2\/media?parent=465"}],"wp:term":[{"taxonomy":"product_brand","embeddable":true,"href":"https:\/\/programasdesanfermin.com\/en\/wp-json\/wp\/v2\/product_brand?post=465"},{"taxonomy":"product_cat","embeddable":true,"href":"https:\/\/programasdesanfermin.com\/en\/wp-json\/wp\/v2\/product_cat?post=465"},{"taxonomy":"product_tag","embeddable":true,"href":"https:\/\/programasdesanfermin.com\/en\/wp-json\/wp\/v2\/product_tag?post=465"}],"curies":[{"name":"wp","href":"https:\/\/api.w.org\/{rel}","templated":true}]}}