{"id":476,"date":"2024-12-30T08:35:18","date_gmt":"2024-12-30T08:35:18","guid":{"rendered":"https:\/\/programasdesanfermin.com\/?post_type=product&#038;p=476"},"modified":"2024-12-30T11:11:09","modified_gmt":"2024-12-30T11:11:09","slug":"programa-ano-1936","status":"publish","type":"product","link":"https:\/\/programasdesanfermin.com\/en\/product\/programa-ano-1936\/","title":{"rendered":"Programa A\u00f1o 1936"},"content":{"rendered":"<p>Programa de San Ferm\u00edn con una bonita portada realizada por Gregorio Urzanki donde se plasma la cogida de un mozo con el escudo de Pamplona al fondo. En la contraportada una pareja de dantzaris baila una jota.<\/p>\n<p>Ese a\u00f1o las fiestas duraron del 6 al 18 de julio y el encierro era a las siete de la ma\u00f1ana.<\/p>\n<p>Destacamos que el \u00faltimo d\u00eda de fiestas de ese a\u00f1o tuvo lugar el golpe de estado contra la segunda R\u00e9publica. Durante los dos a\u00f1os posteriores (1937 y 1938) no se celebraron las fiestas de San Ferm\u00edn por la guerra civil espa\u00f1ola.<\/p>\n<p>&nbsp;<\/p>","protected":false},"excerpt":{"rendered":"<p>Programa de San Ferm\u00edn con una bonita portada realizada por Gregorio Urzanki donde se plasma la cogida de un mozo con el escudo de Pamplona al fondo. En la contraportada una pareja de dantzaris baila una jota. Ese a\u00f1o las fiestas duraron del 6 al 18 de julio y el encierro era a las siete [&hellip;]<\/p>\n","protected":false},"featured_media":438,"comment_status":"open","ping_status":"closed","template":"","meta":{"om_disable_all_campaigns":false,"_monsterinsights_skip_tracking":false,"_monsterinsights_sitenote_active":false,"_monsterinsights_sitenote_note":"","_monsterinsights_sitenote_category":0},"product_brand":[],"product_cat":[24],"product_tag":[],"class_list":{"0":"post-476","1":"product","2":"type-product","3":"status-publish","4":"has-post-thumbnail","6":"product_cat-programas-san-fermin","8":"first","9":"instock","10":"shipping-taxable","11":"product-type-simple"},"aioseo_notices":[],"_links":{"self":[{"href":"https:\/\/programasdesanfermin.com\/en\/wp-json\/wp\/v2\/product\/476","targetHints":{"allow":["GET"]}}],"collection":[{"href":"https:\/\/programasdesanfermin.com\/en\/wp-json\/wp\/v2\/product"}],"about":[{"href":"https:\/\/programasdesanfermin.com\/en\/wp-json\/wp\/v2\/types\/product"}],"replies":[{"embeddable":true,"href":"https:\/\/programasdesanfermin.com\/en\/wp-json\/wp\/v2\/comments?post=476"}],"wp:featuredmedia":[{"embeddable":true,"href":"https:\/\/programasdesanfermin.com\/en\/wp-json\/wp\/v2\/media\/438"}],"wp:attachment":[{"href":"https:\/\/programasdesanfermin.com\/en\/wp-json\/wp\/v2\/media?parent=476"}],"wp:term":[{"taxonomy":"product_brand","embeddable":true,"href":"https:\/\/programasdesanfermin.com\/en\/wp-json\/wp\/v2\/product_brand?post=476"},{"taxonomy":"product_cat","embeddable":true,"href":"https:\/\/programasdesanfermin.com\/en\/wp-json\/wp\/v2\/product_cat?post=476"},{"taxonomy":"product_tag","embeddable":true,"href":"https:\/\/programasdesanfermin.com\/en\/wp-json\/wp\/v2\/product_tag?post=476"}],"curies":[{"name":"wp","href":"https:\/\/api.w.org\/{rel}","templated":true}]}}