{"id":486,"date":"2024-12-30T10:04:27","date_gmt":"2024-12-30T10:04:27","guid":{"rendered":"https:\/\/programasdesanfermin.com\/?post_type=product&#038;p=486"},"modified":"2026-03-24T21:07:02","modified_gmt":"2026-03-24T20:07:02","slug":"programa-ano-1939","status":"publish","type":"product","link":"https:\/\/programasdesanfermin.com\/en\/product\/programa-ano-1939\/","title":{"rendered":"Programa A\u00f1o 1939"},"content":{"rendered":"<p>Programa de San Ferm\u00edn con una bonita portada realizada por Juan Carlos Elvira Gorraiz donde se plasma un toro saliendo de un tamboril persiguiendo a un mozo. Cabe destacar la consigna \u00abA\u00f1o de la Victoria\u00bb impreso debajo del a\u00f1o 1939. En la contraportada un torero ejecuta un natural a un toro negro.<\/p>\n<p>Ese a\u00f1o las fiestas duraron del 6 al 20 de julio a\u00f1adiendo dos d\u00edas m\u00e1s por la ausencia de dos a\u00f1os de fiestas.<\/p>\n<p>Destacamos que el \u00faltimo d\u00eda de fiestas de ese a\u00f1o tuvo lugar el golpe de estado contra la segunda Republica.<\/p>","protected":false},"excerpt":{"rendered":"<p>Programa de San Ferm\u00edn con una bonita portada realizada por Juan Carlos Elvira Gorraiz donde se plasma un toro saliendo de un tamboril persiguiendo a un mozo. Cabe destacar la consigna \u00abA\u00f1o de la Victoria\u00bb impreso debajo del a\u00f1o 1939. En la contraportada un torero ejecuta un natural a un toro negro. Ese a\u00f1o las [&hellip;]<\/p>\n","protected":false},"featured_media":437,"comment_status":"open","ping_status":"closed","template":"","meta":{"om_disable_all_campaigns":false,"_monsterinsights_skip_tracking":false,"_monsterinsights_sitenote_active":false,"_monsterinsights_sitenote_note":"","_monsterinsights_sitenote_category":0},"product_brand":[],"product_cat":[24],"product_tag":[],"class_list":{"0":"post-486","1":"product","2":"type-product","3":"status-publish","4":"has-post-thumbnail","6":"product_cat-programas-san-fermin","8":"first","9":"instock","10":"shipping-taxable","11":"product-type-simple"},"aioseo_notices":[],"_links":{"self":[{"href":"https:\/\/programasdesanfermin.com\/en\/wp-json\/wp\/v2\/product\/486","targetHints":{"allow":["GET"]}}],"collection":[{"href":"https:\/\/programasdesanfermin.com\/en\/wp-json\/wp\/v2\/product"}],"about":[{"href":"https:\/\/programasdesanfermin.com\/en\/wp-json\/wp\/v2\/types\/product"}],"replies":[{"embeddable":true,"href":"https:\/\/programasdesanfermin.com\/en\/wp-json\/wp\/v2\/comments?post=486"}],"wp:featuredmedia":[{"embeddable":true,"href":"https:\/\/programasdesanfermin.com\/en\/wp-json\/wp\/v2\/media\/437"}],"wp:attachment":[{"href":"https:\/\/programasdesanfermin.com\/en\/wp-json\/wp\/v2\/media?parent=486"}],"wp:term":[{"taxonomy":"product_brand","embeddable":true,"href":"https:\/\/programasdesanfermin.com\/en\/wp-json\/wp\/v2\/product_brand?post=486"},{"taxonomy":"product_cat","embeddable":true,"href":"https:\/\/programasdesanfermin.com\/en\/wp-json\/wp\/v2\/product_cat?post=486"},{"taxonomy":"product_tag","embeddable":true,"href":"https:\/\/programasdesanfermin.com\/en\/wp-json\/wp\/v2\/product_tag?post=486"}],"curies":[{"name":"wp","href":"https:\/\/api.w.org\/{rel}","templated":true}]}}