{"id":495,"date":"2024-12-30T10:15:38","date_gmt":"2024-12-30T10:15:38","guid":{"rendered":"https:\/\/programasdesanfermin.com\/?post_type=product&#038;p=495"},"modified":"2024-12-30T12:11:45","modified_gmt":"2024-12-30T12:11:45","slug":"programa-ano-1940","status":"publish","type":"product","link":"https:\/\/programasdesanfermin.com\/en\/product\/programa-ano-1940\/","title":{"rendered":"Programa A\u00f1o 1940"},"content":{"rendered":"<p>Programa de San Ferm\u00edn con una oscura portada realizada por Crisp\u00edn Martinez donde se plasma un toro persiguiendo a un mozo sobre fondo negro.\u00a0 En la contraportada una se\u00f1orita posa con un fondo de tejados de Pamplona.<\/p>\n<p>Ese a\u00f1o las fiestas continuaron siendo del del 6 al 20 de julio como el a\u00f1o anterior.<\/p>\n<p>&nbsp;<\/p>","protected":false},"excerpt":{"rendered":"<p>Programa de San Ferm\u00edn con una oscura portada realizada por Crisp\u00edn Martinez donde se plasma un toro persiguiendo a un mozo sobre fondo negro.\u00a0 En la contraportada una se\u00f1orita posa con un fondo de tejados de Pamplona. Ese a\u00f1o las fiestas continuaron siendo del del 6 al 20 de julio como el a\u00f1o anterior. &nbsp;<\/p>","protected":false},"featured_media":436,"comment_status":"open","ping_status":"closed","template":"","meta":{"om_disable_all_campaigns":false,"_monsterinsights_skip_tracking":false,"_monsterinsights_sitenote_active":false,"_monsterinsights_sitenote_note":"","_monsterinsights_sitenote_category":0},"product_brand":[],"product_cat":[24],"product_tag":[],"class_list":{"0":"post-495","1":"product","2":"type-product","3":"status-publish","4":"has-post-thumbnail","6":"product_cat-programas-san-fermin","8":"first","9":"instock","10":"shipping-taxable","11":"product-type-simple"},"aioseo_notices":[],"_links":{"self":[{"href":"https:\/\/programasdesanfermin.com\/en\/wp-json\/wp\/v2\/product\/495","targetHints":{"allow":["GET"]}}],"collection":[{"href":"https:\/\/programasdesanfermin.com\/en\/wp-json\/wp\/v2\/product"}],"about":[{"href":"https:\/\/programasdesanfermin.com\/en\/wp-json\/wp\/v2\/types\/product"}],"replies":[{"embeddable":true,"href":"https:\/\/programasdesanfermin.com\/en\/wp-json\/wp\/v2\/comments?post=495"}],"wp:featuredmedia":[{"embeddable":true,"href":"https:\/\/programasdesanfermin.com\/en\/wp-json\/wp\/v2\/media\/436"}],"wp:attachment":[{"href":"https:\/\/programasdesanfermin.com\/en\/wp-json\/wp\/v2\/media?parent=495"}],"wp:term":[{"taxonomy":"product_brand","embeddable":true,"href":"https:\/\/programasdesanfermin.com\/en\/wp-json\/wp\/v2\/product_brand?post=495"},{"taxonomy":"product_cat","embeddable":true,"href":"https:\/\/programasdesanfermin.com\/en\/wp-json\/wp\/v2\/product_cat?post=495"},{"taxonomy":"product_tag","embeddable":true,"href":"https:\/\/programasdesanfermin.com\/en\/wp-json\/wp\/v2\/product_tag?post=495"}],"curies":[{"name":"wp","href":"https:\/\/api.w.org\/{rel}","templated":true}]}}