{"id":533,"date":"2024-12-30T11:13:45","date_gmt":"2024-12-30T11:13:45","guid":{"rendered":"https:\/\/programasdesanfermin.com\/?post_type=product&#038;p=533"},"modified":"2024-12-31T09:18:59","modified_gmt":"2024-12-31T08:18:59","slug":"programa-ano-1944","status":"publish","type":"product","link":"https:\/\/programasdesanfermin.com\/en\/product\/programa-ano-1944\/","title":{"rendered":"Programa A\u00f1o 1944"},"content":{"rendered":"<p>Programa de San Ferm\u00edn con una oscura portada realizada por Manuel Le\u00f3n Astruc donde se plasma dos se\u00f1oras en primer plano con mantillas y flores sobre una imagen de San Ferm\u00edn sobre sus cabezas y los escudos de Pamplona y Navarra en primer plano.\u00a0 En la contraportada una dibujo de Pablo Sarasate y Juli\u00e1n Gayarre grandes navarros de la cultura universal.<\/p>\n<p>Ese a\u00f1o las fiestas continuaron siendo del del 6 al 20 de julio.<\/p>\n<p>&nbsp;<\/p>","protected":false},"excerpt":{"rendered":"<p>Programa de San Ferm\u00edn con una oscura portada realizada por Manuel Le\u00f3n Astruc donde se plasma dos se\u00f1oras en primer plano con mantillas y flores sobre una imagen de San Ferm\u00edn sobre sus cabezas y los escudos de Pamplona y Navarra en primer plano.\u00a0 En la contraportada una dibujo de Pablo Sarasate y Juli\u00e1n Gayarre [&hellip;]<\/p>\n","protected":false},"featured_media":434,"comment_status":"open","ping_status":"closed","template":"","meta":{"om_disable_all_campaigns":false,"_monsterinsights_skip_tracking":false,"_monsterinsights_sitenote_active":false,"_monsterinsights_sitenote_note":"","_monsterinsights_sitenote_category":0},"product_brand":[],"product_cat":[24],"product_tag":[],"class_list":{"0":"post-533","1":"product","2":"type-product","3":"status-publish","4":"has-post-thumbnail","6":"product_cat-programas-san-fermin","8":"first","9":"instock","10":"shipping-taxable","11":"product-type-simple"},"aioseo_notices":[],"_links":{"self":[{"href":"https:\/\/programasdesanfermin.com\/en\/wp-json\/wp\/v2\/product\/533","targetHints":{"allow":["GET"]}}],"collection":[{"href":"https:\/\/programasdesanfermin.com\/en\/wp-json\/wp\/v2\/product"}],"about":[{"href":"https:\/\/programasdesanfermin.com\/en\/wp-json\/wp\/v2\/types\/product"}],"replies":[{"embeddable":true,"href":"https:\/\/programasdesanfermin.com\/en\/wp-json\/wp\/v2\/comments?post=533"}],"wp:featuredmedia":[{"embeddable":true,"href":"https:\/\/programasdesanfermin.com\/en\/wp-json\/wp\/v2\/media\/434"}],"wp:attachment":[{"href":"https:\/\/programasdesanfermin.com\/en\/wp-json\/wp\/v2\/media?parent=533"}],"wp:term":[{"taxonomy":"product_brand","embeddable":true,"href":"https:\/\/programasdesanfermin.com\/en\/wp-json\/wp\/v2\/product_brand?post=533"},{"taxonomy":"product_cat","embeddable":true,"href":"https:\/\/programasdesanfermin.com\/en\/wp-json\/wp\/v2\/product_cat?post=533"},{"taxonomy":"product_tag","embeddable":true,"href":"https:\/\/programasdesanfermin.com\/en\/wp-json\/wp\/v2\/product_tag?post=533"}],"curies":[{"name":"wp","href":"https:\/\/api.w.org\/{rel}","templated":true}]}}