{"id":534,"date":"2024-12-30T12:12:08","date_gmt":"2024-12-30T12:12:08","guid":{"rendered":"https:\/\/programasdesanfermin.com\/?post_type=product&#038;p=534"},"modified":"2024-12-31T09:18:15","modified_gmt":"2024-12-31T08:18:15","slug":"programa-ano-1947","status":"publish","type":"product","link":"https:\/\/programasdesanfermin.com\/en\/product\/programa-ano-1947\/","title":{"rendered":"Programa A\u00f1o 1947"},"content":{"rendered":"<p>Programa de San Ferm\u00edn con una bonita portada realizada por Jos\u00e9 Luis y Juan M\u00aa C\u00eda donde se plasma un Kiliki mirando de reojo a un ni\u00f1o vestido de blanco y rojo.\u00a0 En la contraportada una imagen de la procesi\u00f3n con un txistulari en primer plano y un portador con la imagen de San Ferm\u00edn al fondo.<\/p>\n<p>Ese a\u00f1o las fiestas continuaron siendo del del 6 al 20 de julio.<\/p>\n<p>&nbsp;<\/p>","protected":false},"excerpt":{"rendered":"<p>Programa de San Ferm\u00edn con una bonita portada realizada por Jos\u00e9 Luis y Juan M\u00aa C\u00eda donde se plasma un Kiliki mirando de reojo a un ni\u00f1o vestido de blanco y rojo.\u00a0 En la contraportada una imagen de la procesi\u00f3n con un txistulari en primer plano y un portador con la imagen de San Ferm\u00edn [&hellip;]<\/p>\n","protected":false},"featured_media":452,"comment_status":"open","ping_status":"closed","template":"","meta":{"om_disable_all_campaigns":false,"_monsterinsights_skip_tracking":false,"_monsterinsights_sitenote_active":false,"_monsterinsights_sitenote_note":"","_monsterinsights_sitenote_category":0},"product_brand":[],"product_cat":[24],"product_tag":[],"class_list":{"0":"post-534","1":"product","2":"type-product","3":"status-publish","4":"has-post-thumbnail","6":"product_cat-programas-san-fermin","8":"first","9":"instock","10":"shipping-taxable","11":"product-type-simple"},"aioseo_notices":[],"_links":{"self":[{"href":"https:\/\/programasdesanfermin.com\/en\/wp-json\/wp\/v2\/product\/534","targetHints":{"allow":["GET"]}}],"collection":[{"href":"https:\/\/programasdesanfermin.com\/en\/wp-json\/wp\/v2\/product"}],"about":[{"href":"https:\/\/programasdesanfermin.com\/en\/wp-json\/wp\/v2\/types\/product"}],"replies":[{"embeddable":true,"href":"https:\/\/programasdesanfermin.com\/en\/wp-json\/wp\/v2\/comments?post=534"}],"wp:featuredmedia":[{"embeddable":true,"href":"https:\/\/programasdesanfermin.com\/en\/wp-json\/wp\/v2\/media\/452"}],"wp:attachment":[{"href":"https:\/\/programasdesanfermin.com\/en\/wp-json\/wp\/v2\/media?parent=534"}],"wp:term":[{"taxonomy":"product_brand","embeddable":true,"href":"https:\/\/programasdesanfermin.com\/en\/wp-json\/wp\/v2\/product_brand?post=534"},{"taxonomy":"product_cat","embeddable":true,"href":"https:\/\/programasdesanfermin.com\/en\/wp-json\/wp\/v2\/product_cat?post=534"},{"taxonomy":"product_tag","embeddable":true,"href":"https:\/\/programasdesanfermin.com\/en\/wp-json\/wp\/v2\/product_tag?post=534"}],"curies":[{"name":"wp","href":"https:\/\/api.w.org\/{rel}","templated":true}]}}