{"id":572,"date":"2025-01-14T12:54:14","date_gmt":"2025-01-14T11:54:14","guid":{"rendered":"https:\/\/programasdesanfermin.com\/?post_type=product&#038;p=572"},"modified":"2025-01-14T13:37:15","modified_gmt":"2025-01-14T12:37:15","slug":"programa-ano-1948","status":"publish","type":"product","link":"https:\/\/programasdesanfermin.com\/en\/product\/programa-ano-1948\/","title":{"rendered":"Programa A\u00f1o 1948"},"content":{"rendered":"<p>Programa de San Ferm\u00edn con una bonita portada realizada por Acha y Ameiro donde se plasma una imagen de un peque\u00f1o mont\u00f3n en el encierro.\u00a0 En la contraportada una imagen de un caballero montado a caballo guiando a otro.<\/p>\n<p>Ese a\u00f1o las fiestas continuaron siendo del del 6 al 20 de julio.<\/p>\n<p>&nbsp;<\/p>","protected":false},"excerpt":{"rendered":"<p>Programa de San Ferm\u00edn con una bonita portada realizada por Acha y Ameiro donde se plasma una imagen de un peque\u00f1o mont\u00f3n en el encierro.\u00a0 En la contraportada una imagen de un caballero montado a caballo guiando a otro. Ese a\u00f1o las fiestas continuaron siendo del del 6 al 20 de julio. &nbsp;<\/p>","protected":false},"featured_media":641,"comment_status":"open","ping_status":"closed","template":"","meta":{"om_disable_all_campaigns":false,"_monsterinsights_skip_tracking":false,"_monsterinsights_sitenote_active":false,"_monsterinsights_sitenote_note":"","_monsterinsights_sitenote_category":0},"product_brand":[],"product_cat":[24],"product_tag":[],"class_list":{"0":"post-572","1":"product","2":"type-product","3":"status-publish","4":"has-post-thumbnail","6":"product_cat-programas-san-fermin","8":"first","9":"instock","10":"shipping-taxable","11":"product-type-simple"},"aioseo_notices":[],"_links":{"self":[{"href":"https:\/\/programasdesanfermin.com\/en\/wp-json\/wp\/v2\/product\/572","targetHints":{"allow":["GET"]}}],"collection":[{"href":"https:\/\/programasdesanfermin.com\/en\/wp-json\/wp\/v2\/product"}],"about":[{"href":"https:\/\/programasdesanfermin.com\/en\/wp-json\/wp\/v2\/types\/product"}],"replies":[{"embeddable":true,"href":"https:\/\/programasdesanfermin.com\/en\/wp-json\/wp\/v2\/comments?post=572"}],"wp:featuredmedia":[{"embeddable":true,"href":"https:\/\/programasdesanfermin.com\/en\/wp-json\/wp\/v2\/media\/641"}],"wp:attachment":[{"href":"https:\/\/programasdesanfermin.com\/en\/wp-json\/wp\/v2\/media?parent=572"}],"wp:term":[{"taxonomy":"product_brand","embeddable":true,"href":"https:\/\/programasdesanfermin.com\/en\/wp-json\/wp\/v2\/product_brand?post=572"},{"taxonomy":"product_cat","embeddable":true,"href":"https:\/\/programasdesanfermin.com\/en\/wp-json\/wp\/v2\/product_cat?post=572"},{"taxonomy":"product_tag","embeddable":true,"href":"https:\/\/programasdesanfermin.com\/en\/wp-json\/wp\/v2\/product_tag?post=572"}],"curies":[{"name":"wp","href":"https:\/\/api.w.org\/{rel}","templated":true}]}}