{"id":758,"date":"2025-08-11T10:50:52","date_gmt":"2025-08-11T09:50:52","guid":{"rendered":"https:\/\/programasdesanfermin.com\/?post_type=product&#038;p=758"},"modified":"2025-08-11T11:19:38","modified_gmt":"2025-08-11T10:19:38","slug":"programa-ano-1912","status":"publish","type":"product","link":"https:\/\/programasdesanfermin.com\/en\/product\/programa-ano-1912\/","title":{"rendered":"Programa A\u00f1o 1912"},"content":{"rendered":"<p>Programa de San Ferm\u00edn con una bonita portada realizada por Juan Garc\u00eda de Lara donde se plasma la imagen de seis se\u00f1oras vestidas de fiesta. Este a\u00f1o se emiti\u00f3 el programa tambi\u00e9n en Frances con los mismos elementos.<\/p>\n<p>Ese a\u00f1o las fiestas continuaron siendo del del 6 al 20 de julio.<\/p>\n<p>&nbsp;<\/p>","protected":false},"excerpt":{"rendered":"<p>Programa de San Ferm\u00edn con una bonita portada realizada por Juan Garc\u00eda de Lara donde se plasma la imagen de seis se\u00f1oras vestidas de fiesta. Este a\u00f1o se emiti\u00f3 el programa tambi\u00e9n en Frances con los mismos elementos. Ese a\u00f1o las fiestas continuaron siendo del del 6 al 20 de julio. &nbsp;<\/p>","protected":false},"featured_media":726,"comment_status":"open","ping_status":"closed","template":"","meta":{"om_disable_all_campaigns":false,"_monsterinsights_skip_tracking":false,"_monsterinsights_sitenote_active":false,"_monsterinsights_sitenote_note":"","_monsterinsights_sitenote_category":0},"product_brand":[],"product_cat":[24],"product_tag":[],"class_list":{"0":"post-758","1":"product","2":"type-product","3":"status-publish","4":"has-post-thumbnail","6":"product_cat-programas-san-fermin","8":"first","9":"outofstock","10":"shipping-taxable","11":"product-type-simple"},"aioseo_notices":[],"_links":{"self":[{"href":"https:\/\/programasdesanfermin.com\/en\/wp-json\/wp\/v2\/product\/758","targetHints":{"allow":["GET"]}}],"collection":[{"href":"https:\/\/programasdesanfermin.com\/en\/wp-json\/wp\/v2\/product"}],"about":[{"href":"https:\/\/programasdesanfermin.com\/en\/wp-json\/wp\/v2\/types\/product"}],"replies":[{"embeddable":true,"href":"https:\/\/programasdesanfermin.com\/en\/wp-json\/wp\/v2\/comments?post=758"}],"wp:featuredmedia":[{"embeddable":true,"href":"https:\/\/programasdesanfermin.com\/en\/wp-json\/wp\/v2\/media\/726"}],"wp:attachment":[{"href":"https:\/\/programasdesanfermin.com\/en\/wp-json\/wp\/v2\/media?parent=758"}],"wp:term":[{"taxonomy":"product_brand","embeddable":true,"href":"https:\/\/programasdesanfermin.com\/en\/wp-json\/wp\/v2\/product_brand?post=758"},{"taxonomy":"product_cat","embeddable":true,"href":"https:\/\/programasdesanfermin.com\/en\/wp-json\/wp\/v2\/product_cat?post=758"},{"taxonomy":"product_tag","embeddable":true,"href":"https:\/\/programasdesanfermin.com\/en\/wp-json\/wp\/v2\/product_tag?post=758"}],"curies":[{"name":"wp","href":"https:\/\/api.w.org\/{rel}","templated":true}]}}